{"id":1296,"date":"2019-11-19T21:59:33","date_gmt":"2019-11-19T21:59:33","guid":{"rendered":"https:\/\/visitasegovia.es\/?page_id=1296"},"modified":"2019-11-19T22:03:15","modified_gmt":"2019-11-19T22:03:15","slug":"politica-de-privacidad","status":"publish","type":"page","link":"https:\/\/visitasegovia.es\/en\/politica-de-privacidad\/","title":{"rendered":"PRIVACY POLICY"},"content":{"rendered":"\n<p>POL\u00cdTICA DE PRIVACIDAD<\/p>\n\n\n\n<p>A efecto de lo previsto en el Reglamento General de Protecci\u00f3n de Datos, Ana Elena G\u00f3mez Mart\u00ednez (visitsegovia.es) con DNI N\u00ba 03451113D informa al Usuario de la existencia de un fichero automatizado de datos de car\u00e1cter personal denominado \u201cCLIENTES\u201d inscrito en el R.G.P.D (Registro General de Protecci\u00f3n de Datos) con n\u00ba 2181280830, creado con la finalidad de realizar la gesti\u00f3n de la relaci\u00f3n con los usuarios, clientes y potenciales.<\/p>\n\n\n\n<p>ENV\u00cdO Y REGISTRO DE DATOS DE CAR\u00c1CTER PERSONAL<\/p>\n\n\n\n<p>El env\u00edo de datos de car\u00e1cter personal es obligatorio para contactar y recibir informaci\u00f3n sobre los productos y servicios de Ana Elena G\u00f3mez Mart\u00ednez (visitsegovia.es).<\/p>\n\n\n\n<p>El no facilitar los datos personales solicitados o el no aceptar la presente pol\u00edtica de protecci\u00f3n de datos supone la imposibilidad de suscribirse, registrarse o recibir informaci\u00f3n de los productos y servicios de Ana Elena G\u00f3mez Mart\u00ednez (visitsegovia.es)<br>\nLos datos personales que se obtengan como consecuencia de su env\u00edo de datos personales, ser\u00e1n incorporados a un fichero titularidad de Ana Elena G\u00f3mez Mart\u00ednez (visitsegovia.es) con domicilio en C\/ La Solana, 12, 40180, Basardilla. Segovia, teniendo implementadas todas las medidas de seguridad establecidas legalmente<\/p>\n\n\n\n<p>EXACTITUD Y VERACIDAD DE LOS DATOS FACILITADOS<\/p>\n\n\n\n<p>El Usuario que env\u00eda la informaci\u00f3n a Ana Elena G\u00f3mez Mart\u00ednez (visitsegovia.es), es el \u00fanico responsable de la veracidad y correcci\u00f3n de los datos incluidos, exoner\u00e1ndose Ana Elena G\u00f3mez Mart\u00ednez (visitsegovia.es). de cualquier responsabilidad al respecto.<\/p>\n\n\n\n<p>Los usuarios garantizan y responden, en cualquier caso, de la exactitud, vigencia y autenticidad de los datos personales facilitados, y se comprometen a mantenerlos debidamente actualizados.<\/p>\n\n\n\n<p>El usuario acepta proporcionar informaci\u00f3n completa y correcta en el formulario de registro o suscripci\u00f3n.<\/p>\n\n\n\n<p>Ana Elena G\u00f3mez Mart\u00ednez (visitsegovia.es) no responde de la veracidad de las informaciones que no sean de elaboraci\u00f3n propia y de las que se indique otra fuente, por lo que tampoco asume responsabilidad alguna en cuanto a hipot\u00e9ticos perjuicios que pudieran originarse por el uso de dicha informaci\u00f3n.<\/p>\n\n\n\n<p>FINALIDADES<\/p>\n\n\n\n<p>Las finalidades de la recogida de datos son: el desarrollo de actividades y prestaci\u00f3n de informaci\u00f3n sobre productos de Ana Elena G\u00f3mez Mart\u00ednez (visitsegovia.es).<\/p>\n\n\n\n<p>CESI\u00d3N DE DATOS A TERCEROS<\/p>\n\n\n\n<p>Ana Elena G\u00f3mez Mart\u00ednez (visitsegovia.es) no realizar\u00e1 cesi\u00f3n de los datos de los usuarios a terceros. No obstante, en el caso de ser cedidos a alguna empresa se producir\u00eda una informaci\u00f3n previa a la recogida solicitando el consentimiento expreso del afectado.<\/p>\n\n\n\n<p>EJERCICIO DE DERECHOS DE ACCESO, RECTIFICACI\u00d3N, CANCELACI\u00d3N Y OPOSICI\u00d3N<\/p>\n\n\n\n<p>Podr\u00e1 dirigir sus comunicaciones y ejercitar los derechos de acceso, rectificaci\u00f3n, cancelaci\u00f3n y oposici\u00f3n por correo: dirigido a C\/ La Solana, 12, 40180, Basardilla. Segovia.<br>\nMedidas de seguridad INFORM\u00c1TICA<\/p>\n\n\n\n<p>Ana Elena G\u00f3mez Mart\u00ednez (visitsegovia.es) ha adoptado los niveles de seguridad de protecci\u00f3n de los Datos Personales legalmente establecidos.<\/p>\n\n\n\n<p>ACEPTACI\u00d3N Y CONSENTMIENTO<\/p>\n\n\n\n<p>El Usuario declara haber sido informado de las condiciones sobre protecci\u00f3n de datos de car\u00e1cter personal, aceptando y consintiendo el tratamiento automatizado de los mismos por parte de Ana Elena G\u00f3mez Mart\u00ednez (visitsegovia.es), en la forma y para las finalidades indicadas en la presente Pol\u00edtica de Protecci\u00f3n de Datos Personales.<\/p>\n","protected":false},"excerpt":{"rendered":"<p>POL\u00cdTICA DE PRIVACIDAD A efecto de lo previsto en el Reglamento General de Protecci\u00f3n de Datos, Ana Elena G\u00f3mez Mart\u00ednez (visitsegovia.es) con DNI N\u00ba 03451113D informa al Usuario de la existencia de un fichero automatizado de datos de car\u00e1cter personal denominado \u201cCLIENTES\u201d inscrito en el R.G.P.D (Registro General de Protecci\u00f3n de Datos) con n\u00ba 2181280830, creado con la finalidad de realizar la gesti\u00f3n de la [&hellip;]<\/p>\n","protected":false},"author":1,"featured_media":0,"parent":0,"menu_order":0,"comment_status":"closed","ping_status":"closed","template":"","meta":[],"yoast_head":"<!-- This site is optimized with the Yoast SEO plugin v16.6.1 - https:\/\/yoast.com\/wordpress\/plugins\/seo\/ -->\n<title>PRIVACY POLICY - GUIDED TOURS IN SEGOVIA<\/title>\n<meta name=\"robots\" content=\"index, follow, max-snippet:-1, max-image-preview:large, max-video-preview:-1\" \/>\n<link rel=\"canonical\" href=\"https:\/\/visitasegovia.es\/politica-de-privacidad\/\" \/>\n<meta property=\"og:locale\" content=\"en_US\" \/>\n<meta property=\"og:type\" content=\"article\" \/>\n<meta property=\"og:title\" content=\"[:es]POL\u00cdTICA DE PRIVACIDAD[:en]PRIVACY POLICY[:] - GUIDED TOURS IN SEGOVIA\" \/>\n<meta property=\"og:description\" content=\"POL\u00cdTICA DE PRIVACIDAD A efecto de lo previsto en el Reglamento General de Protecci\u00f3n de Datos, Ana Elena G\u00f3mez Mart\u00ednez (visitsegovia.es) con DNI N\u00ba 03451113D informa al Usuario de la existencia de un fichero automatizado de datos de car\u00e1cter personal denominado \u201cCLIENTES\u201d inscrito en el R.G.P.D (Registro General de Protecci\u00f3n de Datos) con n\u00ba 2181280830, creado con la finalidad de realizar la gesti\u00f3n de la [&hellip;]\" \/>\n<meta property=\"og:url\" content=\"https:\/\/visitasegovia.es\/politica-de-privacidad\/\" \/>\n<meta property=\"og:site_name\" content=\"GUIDED TOURS IN SEGOVIA\" \/>\n<meta property=\"article:publisher\" content=\"https:\/\/www.facebook.com\/visitasegovia\/\" \/>\n<meta property=\"article:modified_time\" content=\"2019-11-19T22:03:15+00:00\" \/>\n<meta name=\"twitter:card\" content=\"summary\" \/>\n<meta name=\"twitter:site\" content=\"@visita_segovia\" \/>\n<meta name=\"twitter:label1\" content=\"Est. reading time\" \/>\n\t<meta name=\"twitter:data1\" content=\"3 minutes\" \/>\n<script type=\"application\/ld+json\" class=\"yoast-schema-graph\">{\"@context\":\"https:\/\/schema.org\",\"@graph\":[{\"@type\":\"WebSite\",\"@id\":\"https:\/\/visitasegovia.es\/#website\",\"url\":\"https:\/\/visitasegovia.es\/\",\"name\":\"GUIDED TOURS IN SEGOVIA\",\"description\":\"Your tourist guide in Segovia and province\",\"potentialAction\":[{\"@type\":\"SearchAction\",\"target\":{\"@type\":\"EntryPoint\",\"urlTemplate\":\"https:\/\/visitasegovia.es\/?s={search_term_string}\"},\"query-input\":\"required name=search_term_string\"}],\"inLanguage\":\"en-US\"},{\"@type\":\"WebPage\",\"@id\":\"https:\/\/visitasegovia.es\/politica-de-privacidad\/#webpage\",\"url\":\"https:\/\/visitasegovia.es\/politica-de-privacidad\/\",\"name\":\"[:es]POL\\u00cdTICA DE PRIVACIDAD[:en]PRIVACY POLICY[:] - GUIDED TOURS IN SEGOVIA\",\"isPartOf\":{\"@id\":\"https:\/\/visitasegovia.es\/#website\"},\"datePublished\":\"2019-11-19T21:59:33+00:00\",\"dateModified\":\"2019-11-19T22:03:15+00:00\",\"breadcrumb\":{\"@id\":\"https:\/\/visitasegovia.es\/politica-de-privacidad\/#breadcrumb\"},\"inLanguage\":\"en-US\",\"potentialAction\":[{\"@type\":\"ReadAction\",\"target\":[\"https:\/\/visitasegovia.es\/politica-de-privacidad\/\"]}]},{\"@type\":\"BreadcrumbList\",\"@id\":\"https:\/\/visitasegovia.es\/politica-de-privacidad\/#breadcrumb\",\"itemListElement\":[{\"@type\":\"ListItem\",\"position\":1,\"name\":\"Portada\",\"item\":\"https:\/\/visitasegovia.es\/\"},{\"@type\":\"ListItem\",\"position\":2,\"name\":\"POL\\u00cdTICA DE PRIVACIDAD\"}]}]}<\/script>\n<!-- \/ Yoast SEO plugin. -->","_links":{"self":[{"href":"https:\/\/visitasegovia.es\/en\/wp-json\/wp\/v2\/pages\/1296"}],"collection":[{"href":"https:\/\/visitasegovia.es\/en\/wp-json\/wp\/v2\/pages"}],"about":[{"href":"https:\/\/visitasegovia.es\/en\/wp-json\/wp\/v2\/types\/page"}],"author":[{"embeddable":true,"href":"https:\/\/visitasegovia.es\/en\/wp-json\/wp\/v2\/users\/1"}],"replies":[{"embeddable":true,"href":"https:\/\/visitasegovia.es\/en\/wp-json\/wp\/v2\/comments?post=1296"}],"version-history":[{"count":0,"href":"https:\/\/visitasegovia.es\/en\/wp-json\/wp\/v2\/pages\/1296\/revisions"}],"wp:attachment":[{"href":"https:\/\/visitasegovia.es\/en\/wp-json\/wp\/v2\/media?parent=1296"}],"curies":[{"name":"wp","href":"https:\/\/api.w.org\/{rel}","templated":true}]}}