{"id":1307,"date":"2019-11-19T22:33:51","date_gmt":"2019-11-19T22:33:51","guid":{"rendered":"https:\/\/visitasegovia.es\/?page_id=1307"},"modified":"2020-07-22T09:51:24","modified_gmt":"2020-07-22T09:51:24","slug":"cookies","status":"publish","type":"page","link":"https:\/\/visitasegovia.es\/en\/cookies\/","title":{"rendered":"COOKIES"},"content":{"rendered":"\n<p>En cumplimiento con lo establecido en la Ley 34\/2002 de 11 de Julio, de Servicios de la Sociedad de la Informaci\u00f3n y el Comercio Electr\u00f3nico (LSSICE), se informa de los siguientes aspectos legales:<\/p>\n\n\n\n<h2>PROPIEDAD DEL SITIO WEB<\/h2>\n\n\n\n<ul><li>Responsable: ANA ELENA GOMEZ MARTINEZ- NIF\/DNI 03451113D<\/li><li>Direcci\u00f3n: C\/ LA SOLANA 12, 40180, BASARDILLA (Segovia) , Espa\u00f1a<\/li><li>Contacto: Tel. 699843449 &#8211; Email: info@visitasegovia.es<\/li><li>Actividad: Turismo<\/li><\/ul>\n\n\n\n<h2>INFORMACI\u00d3N Y TERMINOLOG\u00cdAS<\/h2>\n\n\n\n<p>Las cookies son archivos peque\u00f1os que las p\u00e1ginas web, tiendas online, intranets, plataformas online o similares, almacenan en el navegador del usuario que las visita y resultan necesarios para aportar a la navegaci\u00f3n web innumerables ventajas en la prestaci\u00f3n de servicios interactivos.<\/p>\n\n\n\n<p>La siguiente informaci\u00f3n de los tipos posibles de cookies ayuda a comprender mejor las funciones que hacen posible:<\/p>\n\n\n\n<p><strong>Cookies de sesi\u00f3n:<\/strong><\/p>\n\n\n\n<p>Son cookies temporales que permanecen en el espacio de cookies de su equipo hasta que cierra el navegador, por lo que ninguna queda registrada en el disco del usuario. La informaci\u00f3n obtenida por medio de estas cookies sirve para hacer posible la gesti\u00f3n operativa con cada uno de los usuarios que est\u00e1 accediendo de forma simult\u00e1nea a la web.<\/p>\n\n\n\n<p><strong>Cookies persistentes:<\/strong><\/p>\n\n\n\n<p>Son cookies que permanecen almacenadas en el espacio de cookies de su equipo una vez cerrado el navegador, y que volver\u00e1 a consultar dicha p\u00e1gina web la pr\u00f3xima vez que acceda a ella para recordar informaci\u00f3n que facilite la navegaci\u00f3n (acceder directamente al servicio sin necesidad de hacer el proceso de login) o la prestaci\u00f3n de un servicio comercial (ofrecer aquellos productos o servicios relacionados con anteriores visitas).<\/p>\n\n\n\n<p>Las cookies intercambiadas al navegar por una p\u00e1gina web pueden ser:<\/p>\n\n\n\n<p><strong>Cookies de origen o propias:<\/strong><\/p>\n\n\n\n<p>Son cookies generadas por la propia p\u00e1gina web que se est\u00e1 visitando.<\/p>\n\n\n\n<p><strong>Cookies de terceros:<\/strong><\/p>\n\n\n\n<p>Son cookies que se reciben al navegar por esa p\u00e1gina web, pero que han sido generadas por un tercer servicio que se encuentra hospedado en ella. Un ejemplo puede ser la cookie empleada por un anuncio o banner de publicidad que se encuentra en la p\u00e1gina web que visitamos. Otro puede ser la cookie empleada por un contador de visitantes contratado por la p\u00e1gina web que visitamos.<\/p>\n\n\n\n<p>Las cookies pueden ser usadas para:<\/p>\n\n\n\n<p><strong>Fines t\u00e9cnicos:<\/strong><\/p>\n\n\n\n<p>Son las denominadas tambi\u00e9n &#8220;estrictamente necesarias&#8221;. Permiten al usuario la navegaci\u00f3n a trav\u00e9s de una p\u00e1gina web, plataforma o aplicaci\u00f3n y la utilizaci\u00f3n de las diferentes opciones o servicios que en ella existan como, por ejemplo, controlar el tr\u00e1fico y la comunicaci\u00f3n de datos, identificar la sesi\u00f3n, acceder a partes de acceso restringido, recordar los elementos que integran un pedido, realizar el proceso de compra de un pedido, realizar la solicitud de inscripci\u00f3n o participaci\u00f3n en un evento, utilizar elementos de seguridad durante la navegaci\u00f3n, almacenar contenidos para la difusi\u00f3n de videos o sonido o compartir contenidos a trav\u00e9s de redes sociales.<\/p>\n\n\n\n<p><strong>Personalizaci\u00f3n: <\/strong>Hacen posible que cada usuario pueda configurar aspectos como el lenguaje en el que desea ver la p\u00e1gina web, formatos de visualizaci\u00f3n, etc.<\/p>\n\n\n\n<p><strong>An\u00e1lisis o rendimiento:<\/strong><\/p>\n\n\n\n<p>Permiten medir el n\u00famero de visitas y criterios de navegaci\u00f3n de diferentes \u00e1reas de la web, aplicaci\u00f3n o plataforma y nos permite elaborar perfiles de navegaci\u00f3n de los usuarios de dichos sitios, aplicaciones y plataformas, con el fin de introducir mejoras en funci\u00f3n del an\u00e1lisis de los datos de uso recabados que hacen los usuarios del servicio.<\/p>\n\n\n\n<p><strong>Publicidad:<\/strong><\/p>\n\n\n\n<p>Permiten implementar par\u00e1metros de eciencia en la publicidad ofrecida en las p\u00e1ginas web.<\/p>\n\n\n\n<p><strong>Publicidad comportamental:<\/strong><\/p>\n\n\n\n<p>Permiten implementar par\u00e1metros de eficiencia en la publicidad ofrecida en las p\u00e1ginas web, basados en informaci\u00f3n sobre el comportamiento de los usuarios obtenido a trav\u00e9s de la observaci\u00f3n continuada de sus h\u00e1bitos de navegaci\u00f3n, lo que permite desarrollar un perfil espec\u00edfico para mostrar publicidad en funci\u00f3n del mismo.<\/p>\n\n\n\n<h2>DETALLE DE COOKIES UTILIZADAS<\/h2>\n\n\n\n<p>El sitio Web de ANA ELENA GOMEZ MARTINEZ utiliza cookies para el correcto funcionamiento y visualizaci\u00f3n de los sitios Web por parte del usuario, as\u00ed como la recogida de estad\u00edsticas. En concreto, se utilizan las siguientes cookies:<\/p>\n\n\n\n<figure class=\"wp-block-table is-style-stripes\"><table class=\"has-fixed-layout\"><thead><tr><th class=\"has-text-align-center\" data-align=\"center\"><\/th><th class=\"has-text-align-center\" data-align=\"center\"><\/th><th><\/th><th class=\"has-text-align-center\" data-align=\"center\"><\/th><\/tr><\/thead><tbody><tr><td class=\"has-text-align-center\" data-align=\"center\">\n            <strong>Nombre<\/strong>\n         <\/td><td class=\"has-text-align-center\" data-align=\"center\">\n            <strong>Expiraci\u00f3n<\/strong>\n         <\/td><td><\/td><td class=\"has-text-align-center\" data-align=\"center\">\n            <strong>Finalidad<\/strong>\n         <\/td><\/tr><tr><td class=\"has-text-align-center\" data-align=\"center\">\n            CONSENT\n         <\/td><td class=\"has-text-align-center\" data-align=\"center\">\n            20 a\u00f1os\n         <\/td><td><\/td><td class=\"has-text-align-center\" data-align=\"center\">\n            Habilita la funci\u00f3n de registro del origen del usuario. Los datos registrados ser\u00e1n, entre otros, si el usuario llega a nuestro sitio web a trav\u00e9s del tr\u00e1fico directo, desde otro sitio web, desde una campa\u00f1a publicitaria o desde un motor de b\u00fasqueda (indicando la palabra clave utilizada y la fuente).(Google Analytics)\n         <\/td><\/tr><tr><td class=\"has-text-align-center\" data-align=\"center\">\n            _ga\n         <\/td><td class=\"has-text-align-center\" data-align=\"center\">\n            2 a\u00f1os\n         <\/td><td><\/td><td class=\"has-text-align-center\" data-align=\"center\">\n            Se usa para distinguir a los usuarios.(Google Analytics)\n         <\/td><\/tr><tr><td class=\"has-text-align-center\" data-align=\"center\">\n            _gid\n         <\/td><td class=\"has-text-align-center\" data-align=\"center\">\n            1 dia\n         <\/td><td><\/td><\/tr><tr><td class=\"has-text-align-center\" data-align=\"center\">\n            _gat\n         <\/td><td class=\"has-text-align-center\" data-align=\"center\">\n            1 minuto\n         <\/td><td><\/td><td class=\"has-text-align-center\" data-align=\"center\">\n            Se usa para limitar el porcentaje de solicitudes. Si has implementado Google Analytics mediante Google Tag Manager, esta cookie se llamar\u00e1 _dc_gtm_.\n         <\/td><\/tr><tr><td class=\"has-text-align-center\" data-align=\"center\">\n             NID\n         <\/td><td class=\"has-text-align-center\" data-align=\"center\">\n            6 meses\n         <\/td><td><\/td><td class=\"has-text-align-center\" data-align=\"center\">\n             Habilita la funci\u00f3n de registro del origen del usuario. Los datos registrados ser\u00e1n, entre otros, si el usuario llega a nuestro sitio web a trav\u00e9s del tr\u00e1fico directo, desde otro sitio web, desde una campa\u00f1a publicitaria o desde un motor de b\u00fasqueda (indicando la palabra clave utilizada y la fuente).(Google Analytics)\n         <\/td><\/tr><tr><td class=\"has-text-align-center\" data-align=\"center\">\n            __cfduid\n         <\/td><td class=\"has-text-align-center\" data-align=\"center\">\n            10 meses\n         <\/td><td><\/td><td class=\"has-text-align-center\" data-align=\"center\">\n            Es establecida por el servicio de CloudFlare para identificar tr\u00e1fico web de confianza. No corresponde a ning\u00fan id de usuario en la aplicaci\u00f3n web, ni guarda ning\u00fan dato personal identificable.\n         <\/td><\/tr><tr><td class=\"has-text-align-center\" data-align=\"center\">\n            _vwo_uuid_v2\n         <\/td><td class=\"has-text-align-center\" data-align=\"center\">\n            1 a\u00f1o\n         <\/td><td><\/td><td class=\"has-text-align-center\" data-align=\"center\">\n            Estas cookies recopilan informaci\u00f3n sobre c\u00f3mo los visitantes interact\u00faan con las p\u00e1ginas del sitio web. Usamos la informaci\u00f3n para compilar informes y ayudarnos a mejorar el sitio. Las cookies recopilan informaci\u00f3n en forma an\u00f3nima. La informaci\u00f3n obtenida no identifica a nadie.(VWO Cookie Policy)\n         <\/td><\/tr><\/tbody><\/table><\/figure>\n\n\n\n<h2>SERVICIOS DE TERCEROS<\/h2>\n\n\n\n<p>Adicionalmente, ANA ELENA GOMEZ MARTINEZ tiene presencia en portales y servicios de terceros para los que, si desea conocer las condiciones de privacidad y uso de cookies, deber\u00e1n consultarse las pol\u00edticas proporcionadas por los mismos:<\/p>\n\n\n\n<p><strong>Facebook:<\/strong> <a href=\"https:\/\/es-es.facebook.com\/help\/cookies\" target=\"_blank\" rel=\"noreferrer noopener\">https:\/\/es-es.facebook.com\/help\/cookies<\/a><\/p>\n\n\n\n<p><strong>Twitter:<\/strong> <a href=\"https:\/\/twitter.com\/privacy\" target=\"_blank\" rel=\"noreferrer noopener\">https:\/\/twitter.com\/privacy<\/a><\/p>\n\n\n\n<p><strong>Youtube:<\/strong> <a href=\"https:\/\/www.google.es\/intl\/es\/policies\/technologies\/cookies\/\" target=\"_blank\" rel=\"noreferrer noopener\">https:\/\/www.google.es\/intl\/es\/policies\/technologies\/cookies\/<\/a><\/p>\n\n\n\n<p><strong>Linkedin:<\/strong> <a href=\"http:\/\/www.linkedin.com\/legal\/privacy-policy\" target=\"_blank\" rel=\"noreferrer noopener\">http:\/\/www.linkedin.com\/legal\/privacy-policy<\/a><\/p>\n\n\n\n<p><strong>Google+:<\/strong> <a href=\"https:\/\/www.google.es\/intl\/es\/policies\/technologies\/cookies\/\" target=\"_blank\" rel=\"noreferrer noopener\">https:\/\/www.google.es\/intl\/es\/policies\/technologies\/cookies\/<\/a><\/p>\n\n\n\n<p><strong>Instagram:<\/strong> <a href=\"https:\/\/www.facebook.com\/policies\/cookies\/\" target=\"_blank\" rel=\"noreferrer noopener\">https:\/\/www.facebook.com\/policies\/cookies\/<\/a><\/p>\n\n\n\n<h2>ACEPTACI\u00d3N DE LA POL\u00cdTICA DE COOKIES<\/h2>\n\n\n\n<p>ANA ELENA GOMEZ MARTINEZ muestra informaci\u00f3n sobre su Pol\u00edtica de Cookie en la parte inferior de cualquier p\u00e1gina del sitio Web con cada inicio de sesi\u00f3n con el objeto de que usted sea consciente.<\/p>\n\n\n\n<p>Ante esta informaci\u00f3n es posible llevar a cabo las siguientes acciones:<\/p>\n\n\n\n<ul><li><strong>Aceptar las cookies<\/strong>: No se volver\u00e1 a visualizar este aviso al acceder a cualquier p\u00e1gina del portal durante la presente sesi\u00f3n<\/li><li><strong>Modificar la configuraci\u00f3n<\/strong>: Podr\u00e1 obtener m\u00e1s informaci\u00f3n sobre c\u00f3mo son las cookies, conocer la Pol\u00edtica de Cookies de ANA ELENA GOMEZ MARTINEZ y modificar la configuraci\u00f3n de su navegador para restringir o bloquear las cookies de ANA ELENA GOMEZ MARTINEZ en cualquier momento. En el caso de restringir o bloquear las cookies puede ver reducidas las funcionalidades de la Web.<\/li><li><strong>Seguir navegando o moverse por la barra de desplazamiento<\/strong>: En cuyo caso consideramos que acepta su uso.<\/li><\/ul>\n\n\n\n<h2>C\u00d3MO MODIFICAR LA CONFIGURACI\u00d3N DE LAS COOKIES<\/h2>\n\n\n\n<p>Usted puede restringir, bloquear o borrar las cookies de ANA ELENA GOMEZ MARTINEZo cualquier otra p\u00e1gina web, utilizando su navegador. En cada navegador la operativa es diferente, la funci\u00f3n de &#8220;Ayuda&#8221; le mostrar\u00e1 c\u00f3mo hacerlo:<\/p>\n\n\n\n<ul><li><strong>Internet Explorer:<\/strong> <a href=\"https:\/\/support.microsoft.com\/es-es\/help\/17442\/windows-internet-explorer-delete-manage-cookies#ie=\" target=\"_blank\" rel=\"noreferrer noopener\">https:\/\/support.microsoft.com\/es-es\/help\/17442\/windows-internet-explorer-delete-manage-cookies#ie=<\/a><\/li><li><strong>FireFox:<\/strong> <a href=\"https:\/\/support.mozilla.org\/es\/kb\/Borrar%20cookies\" target=\"_blank\" rel=\"noreferrer noopener\">https:\/\/support.mozilla.org\/es\/kb\/Borrar%20cookies<\/a><\/li><li><strong>Chrome:<\/strong> <a href=\"https:\/\/support.google.com\/chrome\/answer\/95647?hl=\" target=\"_blank\" rel=\"noreferrer noopener\">https:\/\/support.google.com\/chrome\/answer\/95647?hl=<\/a><\/li><li><strong>Safari:<\/strong> <a href=\"https:\/\/www.apple.com\/legal\/privacy\/es\/cookies\/\" target=\"_blank\" rel=\"noreferrer noopener\">https:\/\/www.apple.com\/legal\/privacy\/es\/cookies\/<\/a><\/li><\/ul>\n\n\n\n<p>Adem\u00e1s, tambi\u00e9n puede gestionar el almac\u00e9n de cookies en su navegador a trav\u00e9s de herramientas como las siguientes:<\/p>\n\n\n\n<ul><li><strong>Ghostery:<\/strong><a href=\"http:\/\/www.ghostery.com\/\" target=\"_blank\" rel=\"noreferrer noopener\"> www.ghostery.com\/<\/a><\/li><li><strong> Your online choices:<\/strong><a href=\"http:\/\/www.youronlinechoices.com\/es\/\" target=\"_blank\" rel=\"noreferrer noopener\"> www.youronlinechoices.com\/es\/<\/a><\/li><\/ul>\n","protected":false},"excerpt":{"rendered":"<p>En cumplimiento con lo establecido en la Ley 34\/2002 de 11 de Julio, de Servicios de la Sociedad de la Informaci\u00f3n y el Comercio Electr\u00f3nico (LSSICE), se informa de los siguientes aspectos legales: PROPIEDAD DEL SITIO WEB Responsable: ANA ELENA GOMEZ MARTINEZ- NIF\/DNI 03451113D Direcci\u00f3n: C\/ LA SOLANA 12, 40180, BASARDILLA (Segovia) , Espa\u00f1a Contacto: Tel. 699843449 &#8211; Email: info@visitasegovia.es Actividad: Turismo INFORMACI\u00d3N Y TERMINOLOG\u00cdAS [&hellip;]<\/p>\n","protected":false},"author":1,"featured_media":0,"parent":0,"menu_order":0,"comment_status":"closed","ping_status":"closed","template":"","meta":[],"yoast_head":"<!-- This site is optimized with the Yoast SEO plugin v16.6.1 - https:\/\/yoast.com\/wordpress\/plugins\/seo\/ -->\n<title>COOKIES - GUIDED TOURS IN SEGOVIA<\/title>\n<meta name=\"robots\" content=\"index, follow, max-snippet:-1, max-image-preview:large, max-video-preview:-1\" \/>\n<link rel=\"canonical\" href=\"https:\/\/visitasegovia.es\/en\/cookies\/\" \/>\n<meta property=\"og:locale\" content=\"en_US\" \/>\n<meta property=\"og:type\" content=\"article\" \/>\n<meta property=\"og:title\" content=\"COOKIES - GUIDED TOURS IN SEGOVIA\" \/>\n<meta property=\"og:description\" content=\"En cumplimiento con lo establecido en la Ley 34\/2002 de 11 de Julio, de Servicios de la Sociedad de la Informaci\u00f3n y el Comercio Electr\u00f3nico (LSSICE), se informa de los siguientes aspectos legales: PROPIEDAD DEL SITIO WEB Responsable: ANA ELENA GOMEZ MARTINEZ- NIF\/DNI 03451113D Direcci\u00f3n: C\/ LA SOLANA 12, 40180, BASARDILLA (Segovia) , Espa\u00f1a Contacto: Tel. 699843449 &#8211; Email: info@visitasegovia.es Actividad: Turismo INFORMACI\u00d3N Y TERMINOLOG\u00cdAS [&hellip;]\" \/>\n<meta property=\"og:url\" content=\"https:\/\/visitasegovia.es\/en\/cookies\/\" \/>\n<meta property=\"og:site_name\" content=\"GUIDED TOURS IN SEGOVIA\" \/>\n<meta property=\"article:publisher\" content=\"https:\/\/www.facebook.com\/visitasegovia\/\" \/>\n<meta property=\"article:modified_time\" content=\"2020-07-22T09:51:24+00:00\" \/>\n<meta name=\"twitter:card\" content=\"summary\" \/>\n<meta name=\"twitter:site\" content=\"@visita_segovia\" \/>\n<meta name=\"twitter:label1\" content=\"Est. reading time\" \/>\n\t<meta name=\"twitter:data1\" content=\"7 minutes\" \/>\n<script type=\"application\/ld+json\" class=\"yoast-schema-graph\">{\"@context\":\"https:\/\/schema.org\",\"@graph\":[{\"@type\":\"WebSite\",\"@id\":\"https:\/\/visitasegovia.es\/#website\",\"url\":\"https:\/\/visitasegovia.es\/\",\"name\":\"GUIDED TOURS IN SEGOVIA\",\"description\":\"Your tourist guide in Segovia and province\",\"potentialAction\":[{\"@type\":\"SearchAction\",\"target\":{\"@type\":\"EntryPoint\",\"urlTemplate\":\"https:\/\/visitasegovia.es\/?s={search_term_string}\"},\"query-input\":\"required name=search_term_string\"}],\"inLanguage\":\"en-US\"},{\"@type\":\"WebPage\",\"@id\":\"https:\/\/visitasegovia.es\/en\/cookies\/#webpage\",\"url\":\"https:\/\/visitasegovia.es\/en\/cookies\/\",\"name\":\"COOKIES - GUIDED TOURS IN SEGOVIA\",\"isPartOf\":{\"@id\":\"https:\/\/visitasegovia.es\/#website\"},\"datePublished\":\"2019-11-19T22:33:51+00:00\",\"dateModified\":\"2020-07-22T09:51:24+00:00\",\"breadcrumb\":{\"@id\":\"https:\/\/visitasegovia.es\/en\/cookies\/#breadcrumb\"},\"inLanguage\":\"en-US\",\"potentialAction\":[{\"@type\":\"ReadAction\",\"target\":[\"https:\/\/visitasegovia.es\/en\/cookies\/\"]}]},{\"@type\":\"BreadcrumbList\",\"@id\":\"https:\/\/visitasegovia.es\/en\/cookies\/#breadcrumb\",\"itemListElement\":[{\"@type\":\"ListItem\",\"position\":1,\"name\":\"Portada\",\"item\":\"https:\/\/visitasegovia.es\/\"},{\"@type\":\"ListItem\",\"position\":2,\"name\":\"COOKIES\"}]}]}<\/script>\n<!-- \/ Yoast SEO plugin. -->","_links":{"self":[{"href":"https:\/\/visitasegovia.es\/en\/wp-json\/wp\/v2\/pages\/1307"}],"collection":[{"href":"https:\/\/visitasegovia.es\/en\/wp-json\/wp\/v2\/pages"}],"about":[{"href":"https:\/\/visitasegovia.es\/en\/wp-json\/wp\/v2\/types\/page"}],"author":[{"embeddable":true,"href":"https:\/\/visitasegovia.es\/en\/wp-json\/wp\/v2\/users\/1"}],"replies":[{"embeddable":true,"href":"https:\/\/visitasegovia.es\/en\/wp-json\/wp\/v2\/comments?post=1307"}],"version-history":[{"count":0,"href":"https:\/\/visitasegovia.es\/en\/wp-json\/wp\/v2\/pages\/1307\/revisions"}],"wp:attachment":[{"href":"https:\/\/visitasegovia.es\/en\/wp-json\/wp\/v2\/media?parent=1307"}],"curies":[{"name":"wp","href":"https:\/\/api.w.org\/{rel}","templated":true}]}}