{"id":1348,"date":"2020-07-01T17:12:17","date_gmt":"2020-07-01T17:12:17","guid":{"rendered":"https:\/\/visitasegovia.es\/?page_id=1348"},"modified":"2021-05-09T10:28:39","modified_gmt":"2021-05-09T10:28:39","slug":"ruta-1-patrimonio-y-leyendas","status":"publish","type":"page","link":"https:\/\/visitasegovia.es\/en\/ruta-1-patrimonio-y-leyendas\/","title":{"rendered":"PASEO 1. SEGOVIA CIUDAD  CON EL INTERIOR DEL ALC\u00c1ZAR"},"content":{"rendered":"\n<p style=\"font-size:15px\"><strong>Este paseo est\u00e1 dise\u00f1ado para disfrutar del ambiente de&nbsp;Segovia, de su pasado medieval y del encanto del siglo XXI, acompa\u00f1ado de alguna de las leyendas de la ciudad. La visita se inicia a los pies del Acueducto y continuamos por la llamada&nbsp;calle Real, la v\u00eda principal del centro hist\u00f3rico,&nbsp;para disfrutar de sus palacios y patios, as\u00ed como de iglesias rom\u00e1nicas. Llegaremos al barrio de la Juder\u00eda y veremos la&nbsp;plaza Mayor&nbsp;donde est\u00e1 situada la&nbsp;Catedral. En nuestro camino hacia el&nbsp;Alc\u00e1zar&nbsp;pasaremos por el barrio medieval de las Canonj\u00edas y finalizaremos el recorrido en la entrada del&nbsp;Alc\u00e1zar (entrada incluida).<\/strong><\/p>\n\n\n\n<div style=\"height:55px\" aria-hidden=\"true\" class=\"wp-block-spacer\"><\/div>\n\n\n\n<div class=\"wp-block-group\"><div class=\"wp-block-group__inner-container\">\n<div class=\"wp-block-image\"><figure class=\"aligncenter size-medium is-resized\"><img loading=\"lazy\" src=\"https:\/\/visitasegovia.es\/wp-content\/uploads\/2020\/07\/alcazar-luna-min-200x300.jpg\" alt=\"\" class=\"wp-image-1510\" width=\"240\" height=\"360\" srcset=\"https:\/\/visitasegovia.es\/wp-content\/uploads\/2020\/07\/alcazar-luna-min-200x300.jpg 200w, https:\/\/visitasegovia.es\/wp-content\/uploads\/2020\/07\/alcazar-luna-min-683x1024.jpg 683w, https:\/\/visitasegovia.es\/wp-content\/uploads\/2020\/07\/alcazar-luna-min-768x1152.jpg 768w, https:\/\/visitasegovia.es\/wp-content\/uploads\/2020\/07\/alcazar-luna-min.jpg 800w\" sizes=\"(max-width: 240px) 100vw, 240px\" \/><figcaption><strong>Alc\u00e1zar<\/strong><\/figcaption><\/figure><\/div>\n\n\n\n<div style=\"height:47px\" aria-hidden=\"true\" class=\"wp-block-spacer\"><\/div>\n<\/div><\/div>\n\n\n\n<p><\/p>\n\n\n\n<p><\/p>\n\n\n\n<p>Precio por persona:<\/p>\n\n\n\n<p>Segovia + Alc\u00e1zar:<strong>\u00a0<\/strong>18 \u20ac\u00a0<\/p>\n\n\n\n<p>Segovia +\u00a0Catedral +\u00a0\u00a0Alc\u00e1zar:\u00a022 \u20ac<\/p>\n\n\n\n<p>Ni\u00f1os hasta 5 a\u00f1os: 6\u20ac (IVA incluido)<\/p>\n\n\n\n<p>Incluido:&nbsp;Gu\u00eda oficial en espa\u00f1ol y entrada al Alc\u00e1zar de Segovia. <\/p>\n\n\n\n<p>Duraci\u00f3n: 2 horas y 15 minutos<\/p>\n\n\n\n<p>Punto de encuentro: Plaza del Acueducto, junto al&nbsp;buz\u00f3n de Correos.<\/p>\n\n\n\n<p>Horario:  Todos los d\u00edas del a\u00f1o a las 11.00 h de la ma\u00f1ana. De lunes a s\u00e1bado a las 15.45 h (de noviembre a marzo) y 17.00 h (de abril a octubre).<\/p>\n\n\n\n<p>Visita accesible.<\/p>\n\n\n\n<p>Reserva obligatoria.<\/p>\n\n\n\n<p>M\u00e1s informaci\u00f3n link de <strong><span class=\"has-inline-color has-vivid-green-cyan-color\">segoviaimperdible.es<\/span><\/strong><\/p>\n\n\n\n<p><a rel=\"noreferrer noopener\" target=\"_blank\" href=\"https:\/\/segoviaimperdible.es\/visita-guiada-segovia-con-catedral-y-alcazar\">Visita Guiada en Segovia con entrada incluida a la Catedral y a el Alc\u00e1zar <\/a><\/p>\n\n\n\n<div style=\"height:48px\" aria-hidden=\"true\" class=\"wp-block-spacer\"><\/div>\n\n\n\n<p class=\"has-vivid-red-color has-very-light-gray-background-color has-text-color has-background\"><strong>Prevenci\u00f3n COVID-19: Adoptamos las medidas legales y sanitarias recomendadas para prevenir el contagio del COVID-19: mantener la distancia de seguridad, tanto el gu\u00eda como los participantes deben traer su propia mascarilla y grupos reducidos.<\/strong><\/p>\n\n\n\n<p><\/p>\n","protected":false},"excerpt":{"rendered":"<p>Este paseo est\u00e1 dise\u00f1ado para disfrutar del ambiente de&nbsp;Segovia, de su pasado medieval y del encanto del siglo XXI, acompa\u00f1ado de alguna de las leyendas de la ciudad. La visita se inicia a los pies del Acueducto y continuamos por la llamada&nbsp;calle Real, la v\u00eda principal del centro hist\u00f3rico,&nbsp;para disfrutar de sus palacios y patios, as\u00ed como de iglesias rom\u00e1nicas. Llegaremos al barrio de la [&hellip;]<\/p>\n","protected":false},"author":1,"featured_media":0,"parent":0,"menu_order":0,"comment_status":"closed","ping_status":"closed","template":"","meta":[],"yoast_head":"<!-- This site is optimized with the Yoast SEO plugin v16.6.1 - https:\/\/yoast.com\/wordpress\/plugins\/seo\/ -->\n<title>PASEO 1. SEGOVIA CIUDAD CON EL INTERIOR DEL ALC\u00c1ZAR - GUIDED TOURS IN SEGOVIA<\/title>\n<meta name=\"robots\" content=\"index, follow, max-snippet:-1, max-image-preview:large, max-video-preview:-1\" \/>\n<link rel=\"canonical\" href=\"https:\/\/visitasegovia.es\/ruta-1-patrimonio-y-leyendas\/\" \/>\n<meta property=\"og:locale\" content=\"en_US\" \/>\n<meta property=\"og:type\" content=\"article\" \/>\n<meta property=\"og:title\" content=\"PASEO 1. SEGOVIA CIUDAD CON EL INTERIOR DEL ALC\u00c1ZAR - GUIDED TOURS IN SEGOVIA\" \/>\n<meta property=\"og:description\" content=\"Este paseo est\u00e1 dise\u00f1ado para disfrutar del ambiente de&nbsp;Segovia, de su pasado medieval y del encanto del siglo XXI, acompa\u00f1ado de alguna de las leyendas de la ciudad. La visita se inicia a los pies del Acueducto y continuamos por la llamada&nbsp;calle Real, la v\u00eda principal del centro hist\u00f3rico,&nbsp;para disfrutar de sus palacios y patios, as\u00ed como de iglesias rom\u00e1nicas. Llegaremos al barrio de la [&hellip;]\" \/>\n<meta property=\"og:url\" content=\"https:\/\/visitasegovia.es\/ruta-1-patrimonio-y-leyendas\/\" \/>\n<meta property=\"og:site_name\" content=\"GUIDED TOURS IN SEGOVIA\" \/>\n<meta property=\"article:publisher\" content=\"https:\/\/www.facebook.com\/visitasegovia\/\" \/>\n<meta property=\"article:modified_time\" content=\"2021-05-09T10:28:39+00:00\" \/>\n<meta property=\"og:image\" content=\"https:\/\/visitasegovia.es\/wp-content\/uploads\/2020\/07\/alcazar-luna-min-200x300.jpg\" \/>\n<meta name=\"twitter:card\" content=\"summary\" \/>\n<meta name=\"twitter:site\" content=\"@visita_segovia\" \/>\n<meta name=\"twitter:label1\" content=\"Est. reading time\" \/>\n\t<meta name=\"twitter:data1\" content=\"2 minutes\" \/>\n<script type=\"application\/ld+json\" class=\"yoast-schema-graph\">{\"@context\":\"https:\/\/schema.org\",\"@graph\":[{\"@type\":\"WebSite\",\"@id\":\"https:\/\/visitasegovia.es\/#website\",\"url\":\"https:\/\/visitasegovia.es\/\",\"name\":\"GUIDED TOURS IN SEGOVIA\",\"description\":\"Your tourist guide in Segovia and province\",\"potentialAction\":[{\"@type\":\"SearchAction\",\"target\":{\"@type\":\"EntryPoint\",\"urlTemplate\":\"https:\/\/visitasegovia.es\/?s={search_term_string}\"},\"query-input\":\"required name=search_term_string\"}],\"inLanguage\":\"en-US\"},{\"@type\":\"ImageObject\",\"@id\":\"https:\/\/visitasegovia.es\/ruta-1-patrimonio-y-leyendas\/#primaryimage\",\"inLanguage\":\"en-US\",\"url\":\"https:\/\/visitasegovia.es\/wp-content\/uploads\/2020\/07\/alcazar-luna-min.jpg\",\"contentUrl\":\"https:\/\/visitasegovia.es\/wp-content\/uploads\/2020\/07\/alcazar-luna-min.jpg\",\"width\":800,\"height\":1200},{\"@type\":\"WebPage\",\"@id\":\"https:\/\/visitasegovia.es\/ruta-1-patrimonio-y-leyendas\/#webpage\",\"url\":\"https:\/\/visitasegovia.es\/ruta-1-patrimonio-y-leyendas\/\",\"name\":\"PASEO 1. SEGOVIA CIUDAD CON EL INTERIOR DEL ALC\\u00c1ZAR - GUIDED TOURS IN SEGOVIA\",\"isPartOf\":{\"@id\":\"https:\/\/visitasegovia.es\/#website\"},\"primaryImageOfPage\":{\"@id\":\"https:\/\/visitasegovia.es\/ruta-1-patrimonio-y-leyendas\/#primaryimage\"},\"datePublished\":\"2020-07-01T17:12:17+00:00\",\"dateModified\":\"2021-05-09T10:28:39+00:00\",\"breadcrumb\":{\"@id\":\"https:\/\/visitasegovia.es\/ruta-1-patrimonio-y-leyendas\/#breadcrumb\"},\"inLanguage\":\"en-US\",\"potentialAction\":[{\"@type\":\"ReadAction\",\"target\":[\"https:\/\/visitasegovia.es\/ruta-1-patrimonio-y-leyendas\/\"]}]},{\"@type\":\"BreadcrumbList\",\"@id\":\"https:\/\/visitasegovia.es\/ruta-1-patrimonio-y-leyendas\/#breadcrumb\",\"itemListElement\":[{\"@type\":\"ListItem\",\"position\":1,\"name\":\"Portada\",\"item\":\"https:\/\/visitasegovia.es\/\"},{\"@type\":\"ListItem\",\"position\":2,\"name\":\"PASEO 1. SEGOVIA CIUDAD CON EL INTERIOR DEL ALC\\u00c1ZAR\"}]}]}<\/script>\n<!-- \/ Yoast SEO plugin. -->","_links":{"self":[{"href":"https:\/\/visitasegovia.es\/en\/wp-json\/wp\/v2\/pages\/1348"}],"collection":[{"href":"https:\/\/visitasegovia.es\/en\/wp-json\/wp\/v2\/pages"}],"about":[{"href":"https:\/\/visitasegovia.es\/en\/wp-json\/wp\/v2\/types\/page"}],"author":[{"embeddable":true,"href":"https:\/\/visitasegovia.es\/en\/wp-json\/wp\/v2\/users\/1"}],"replies":[{"embeddable":true,"href":"https:\/\/visitasegovia.es\/en\/wp-json\/wp\/v2\/comments?post=1348"}],"version-history":[{"count":0,"href":"https:\/\/visitasegovia.es\/en\/wp-json\/wp\/v2\/pages\/1348\/revisions"}],"wp:attachment":[{"href":"https:\/\/visitasegovia.es\/en\/wp-json\/wp\/v2\/media?parent=1348"}],"curies":[{"name":"wp","href":"https:\/\/api.w.org\/{rel}","templated":true}]}}