{"id":1361,"date":"2020-07-01T17:17:33","date_gmt":"2020-07-01T17:17:33","guid":{"rendered":"https:\/\/visitasegovia.es\/?page_id=1361"},"modified":"2021-02-09T18:58:51","modified_gmt":"2021-02-09T18:58:51","slug":"paseo-2-anecdotas-y-curiosidades-al-atardecer","status":"publish","type":"page","link":"https:\/\/visitasegovia.es\/en\/paseo-2-anecdotas-y-curiosidades-al-atardecer\/","title":{"rendered":"PASEO 2. AN\u00c9CDOTAS Y CURIOSIDADES AL ATARDECER"},"content":{"rendered":"\n<p style=\"font-size:15px\"><strong>Este paseo est\u00e1 dise\u00f1ado para disfrutar del ambiente de\u00a0Segovia, de su pasado medieval y del encanto del siglo XXI. <strong>Haremos un recorrido muy diferente de la ciudad, callejeando por sus rincones. <\/strong>En esta visita hablaremos m\u00e1s de historietas que de Historia; dimes y diretes y personajes an\u00f3nimos que conviv\u00edan al lado de grandes nombres. Un recorrido por lugares y calles que te har\u00e1n viajar en el tiempo y disfrutar de multitud de an\u00e9cdotas y curiosidades en\u00a0<strong>Segovia<\/strong><\/strong><\/p>\n\n\n\n<div style=\"height:41px\" aria-hidden=\"true\" class=\"wp-block-spacer\"><\/div>\n\n\n\n<div class=\"wp-block-image\"><figure class=\"aligncenter size-large\"><img loading=\"lazy\" width=\"1024\" height=\"768\" src=\"https:\/\/visitasegovia.es\/wp-content\/uploads\/2020\/06\/acueducto-diablillo-min-1-1024x768.jpg\" alt=\"\" class=\"wp-image-1365\" srcset=\"https:\/\/visitasegovia.es\/wp-content\/uploads\/2020\/06\/acueducto-diablillo-min-1-1024x768.jpg 1024w, https:\/\/visitasegovia.es\/wp-content\/uploads\/2020\/06\/acueducto-diablillo-min-1-300x225.jpg 300w, https:\/\/visitasegovia.es\/wp-content\/uploads\/2020\/06\/acueducto-diablillo-min-1-768x576.jpg 768w, https:\/\/visitasegovia.es\/wp-content\/uploads\/2020\/06\/acueducto-diablillo-min-1-1536x1152.jpg 1536w, https:\/\/visitasegovia.es\/wp-content\/uploads\/2020\/06\/acueducto-diablillo-min-1.jpg 1600w\" sizes=\"(max-width: 1024px) 100vw, 1024px\" \/><figcaption><strong>Diablillo de Segovia<\/strong><\/figcaption><\/figure><\/div>\n\n\n\n<div style=\"height:39px\" aria-hidden=\"true\" class=\"wp-block-spacer\"><\/div>\n\n\n\n<p><\/p>\n\n\n\n<p>Precio 12 \u20ac por persona (IVA incluido)<\/p>\n\n\n\n<p>Ni\u00f1os hasta 5 a\u00f1os: primer ni\u00f1o GRATIS<\/p>\n\n\n\n<p>Duraci\u00f3n: 90 minutos.<\/p>\n\n\n\n<p>Punto de Encuentro: Plaza del Acueducto junto al&nbsp;buz\u00f3n de Correos.<\/p>\n\n\n\n<p>Horario: De lunes a s\u00e1bados a las 19h (noviembre a marzo) y 20h (abril a octubre).<\/p>\n\n\n\n<p>Visita accesible.<\/p>\n\n\n\n<p>Reserva obligatoria.<\/p>\n\n\n\n<div style=\"height:24px\" aria-hidden=\"true\" class=\"wp-block-spacer\"><\/div>\n\n\n\n<p class=\"has-vivid-red-color has-very-light-gray-background-color has-text-color has-background\"><strong>Prevenci\u00f3n COVID-19: Adoptamos las medidas legales y sanitarias recomendadas para prevenir el contagio del COVID-19: mantener la distancia de seguridad, tanto el gu\u00eda como los participantes deben traer su propia mascarilla y grupos reducidos.<\/strong><\/p>\n\n\n\n<p><\/p>\n","protected":false},"excerpt":{"rendered":"<p>Este paseo est\u00e1 dise\u00f1ado para disfrutar del ambiente de\u00a0Segovia, de su pasado medieval y del encanto del siglo XXI. Haremos un recorrido muy diferente de la ciudad, callejeando por sus rincones. En esta visita hablaremos m\u00e1s de historietas que de Historia; dimes y diretes y personajes an\u00f3nimos que conviv\u00edan al lado de grandes nombres. Un recorrido por lugares y calles que te har\u00e1n viajar en [&hellip;]<\/p>\n","protected":false},"author":1,"featured_media":0,"parent":0,"menu_order":0,"comment_status":"closed","ping_status":"closed","template":"","meta":[],"yoast_head":"<!-- This site is optimized with the Yoast SEO plugin v16.6.1 - https:\/\/yoast.com\/wordpress\/plugins\/seo\/ -->\n<title>PASEO 2. AN\u00c9CDOTAS Y CURIOSIDADES AL ATARDECER - GUIDED TOURS IN SEGOVIA<\/title>\n<meta name=\"robots\" content=\"index, follow, max-snippet:-1, max-image-preview:large, max-video-preview:-1\" \/>\n<link rel=\"canonical\" href=\"https:\/\/visitasegovia.es\/paseo-2-anecdotas-y-curiosidades-al-atardecer\/\" \/>\n<meta property=\"og:locale\" content=\"en_US\" \/>\n<meta property=\"og:type\" content=\"article\" \/>\n<meta property=\"og:title\" content=\"PASEO 2. AN\u00c9CDOTAS Y CURIOSIDADES AL ATARDECER - GUIDED TOURS IN SEGOVIA\" \/>\n<meta property=\"og:description\" content=\"Este paseo est\u00e1 dise\u00f1ado para disfrutar del ambiente de\u00a0Segovia, de su pasado medieval y del encanto del siglo XXI. Haremos un recorrido muy diferente de la ciudad, callejeando por sus rincones. En esta visita hablaremos m\u00e1s de historietas que de Historia; dimes y diretes y personajes an\u00f3nimos que conviv\u00edan al lado de grandes nombres. Un recorrido por lugares y calles que te har\u00e1n viajar en [&hellip;]\" \/>\n<meta property=\"og:url\" content=\"https:\/\/visitasegovia.es\/paseo-2-anecdotas-y-curiosidades-al-atardecer\/\" \/>\n<meta property=\"og:site_name\" content=\"GUIDED TOURS IN SEGOVIA\" \/>\n<meta property=\"article:publisher\" content=\"https:\/\/www.facebook.com\/visitasegovia\/\" \/>\n<meta property=\"article:modified_time\" content=\"2021-02-09T18:58:51+00:00\" \/>\n<meta property=\"og:image\" content=\"https:\/\/visitasegovia.es\/wp-content\/uploads\/2020\/06\/acueducto-diablillo-min-1-1024x768.jpg\" \/>\n<meta name=\"twitter:card\" content=\"summary\" \/>\n<meta name=\"twitter:site\" content=\"@visita_segovia\" \/>\n<meta name=\"twitter:label1\" content=\"Est. reading time\" \/>\n\t<meta name=\"twitter:data1\" content=\"1 minute\" \/>\n<script type=\"application\/ld+json\" class=\"yoast-schema-graph\">{\"@context\":\"https:\/\/schema.org\",\"@graph\":[{\"@type\":\"WebSite\",\"@id\":\"https:\/\/visitasegovia.es\/#website\",\"url\":\"https:\/\/visitasegovia.es\/\",\"name\":\"GUIDED TOURS IN SEGOVIA\",\"description\":\"Your tourist guide in Segovia and province\",\"potentialAction\":[{\"@type\":\"SearchAction\",\"target\":{\"@type\":\"EntryPoint\",\"urlTemplate\":\"https:\/\/visitasegovia.es\/?s={search_term_string}\"},\"query-input\":\"required name=search_term_string\"}],\"inLanguage\":\"en-US\"},{\"@type\":\"ImageObject\",\"@id\":\"https:\/\/visitasegovia.es\/paseo-2-anecdotas-y-curiosidades-al-atardecer\/#primaryimage\",\"inLanguage\":\"en-US\",\"url\":\"https:\/\/visitasegovia.es\/wp-content\/uploads\/2020\/06\/acueducto-diablillo-min-1.jpg\",\"contentUrl\":\"https:\/\/visitasegovia.es\/wp-content\/uploads\/2020\/06\/acueducto-diablillo-min-1.jpg\",\"width\":1600,\"height\":1200},{\"@type\":\"WebPage\",\"@id\":\"https:\/\/visitasegovia.es\/paseo-2-anecdotas-y-curiosidades-al-atardecer\/#webpage\",\"url\":\"https:\/\/visitasegovia.es\/paseo-2-anecdotas-y-curiosidades-al-atardecer\/\",\"name\":\"PASEO 2. AN\\u00c9CDOTAS Y CURIOSIDADES AL ATARDECER - GUIDED TOURS IN SEGOVIA\",\"isPartOf\":{\"@id\":\"https:\/\/visitasegovia.es\/#website\"},\"primaryImageOfPage\":{\"@id\":\"https:\/\/visitasegovia.es\/paseo-2-anecdotas-y-curiosidades-al-atardecer\/#primaryimage\"},\"datePublished\":\"2020-07-01T17:17:33+00:00\",\"dateModified\":\"2021-02-09T18:58:51+00:00\",\"breadcrumb\":{\"@id\":\"https:\/\/visitasegovia.es\/paseo-2-anecdotas-y-curiosidades-al-atardecer\/#breadcrumb\"},\"inLanguage\":\"en-US\",\"potentialAction\":[{\"@type\":\"ReadAction\",\"target\":[\"https:\/\/visitasegovia.es\/paseo-2-anecdotas-y-curiosidades-al-atardecer\/\"]}]},{\"@type\":\"BreadcrumbList\",\"@id\":\"https:\/\/visitasegovia.es\/paseo-2-anecdotas-y-curiosidades-al-atardecer\/#breadcrumb\",\"itemListElement\":[{\"@type\":\"ListItem\",\"position\":1,\"name\":\"Portada\",\"item\":\"https:\/\/visitasegovia.es\/\"},{\"@type\":\"ListItem\",\"position\":2,\"name\":\"PASEO 2. AN\\u00c9CDOTAS Y CURIOSIDADES AL ATARDECER\"}]}]}<\/script>\n<!-- \/ Yoast SEO plugin. -->","_links":{"self":[{"href":"https:\/\/visitasegovia.es\/en\/wp-json\/wp\/v2\/pages\/1361"}],"collection":[{"href":"https:\/\/visitasegovia.es\/en\/wp-json\/wp\/v2\/pages"}],"about":[{"href":"https:\/\/visitasegovia.es\/en\/wp-json\/wp\/v2\/types\/page"}],"author":[{"embeddable":true,"href":"https:\/\/visitasegovia.es\/en\/wp-json\/wp\/v2\/users\/1"}],"replies":[{"embeddable":true,"href":"https:\/\/visitasegovia.es\/en\/wp-json\/wp\/v2\/comments?post=1361"}],"version-history":[{"count":0,"href":"https:\/\/visitasegovia.es\/en\/wp-json\/wp\/v2\/pages\/1361\/revisions"}],"wp:attachment":[{"href":"https:\/\/visitasegovia.es\/en\/wp-json\/wp\/v2\/media?parent=1361"}],"curies":[{"name":"wp","href":"https:\/\/api.w.org\/{rel}","templated":true}]}}