{"id":1374,"date":"2020-07-01T17:19:29","date_gmt":"2020-07-01T17:19:29","guid":{"rendered":"https:\/\/visitasegovia.es\/?page_id=1374"},"modified":"2021-09-06T20:25:37","modified_gmt":"2021-09-06T20:25:37","slug":"visita-guiada-por-los-jardines-del-palacio-real","status":"publish","type":"page","link":"https:\/\/visitasegovia.es\/en\/visita-guiada-por-los-jardines-del-palacio-real\/","title":{"rendered":"PASEO 3. VISITA GUIADA POR EL PALACIO REAL DE LA GRANJA Y LOS JARDINES"},"content":{"rendered":"\n<h4><\/h4>\n\n\n\n<p style=\"font-size:15px\"><strong>En este recorrido conoceremos por qu\u00e9 el rey&nbsp;Felipe &nbsp;V&nbsp;(primer rey Borb\u00f3n espa\u00f1ol)y su segunda esposa Isabel de Farnesio&nbsp;decidieron construir este palacio en este lugar a los pies de la Sierra de Guadarrama.<\/strong><\/p>\n\n\n\n<p><strong>Comenzamos el recorrido, visitando las salas del interior del palacio, el Museo de Tapices y la Real colegiata, Saldremos hacia el exterior y&nbsp; asearemos por los jardines.&nbsp;Veremos las gigantescas secuoyas y sus fuentes m\u00e1s emblem\u00e1ticas, que datan del siglo XVIII:&nbsp;La Carrera de Caballos con la Fuente de Neptuno, La Cascada, Los Ba\u00f1os de Diana, La Fama, y desvelaremos c\u00f3mo se fue construyendo este gran jard\u00edn. Toda la visita estar\u00e1 acompa\u00f1ada del significado&nbsp;mitol\u00f3gico&nbsp;de sus fuentes y su relaci\u00f3n con la monarqu\u00eda<\/strong><\/p>\n\n\n\n<p style=\"font-size:15px\"><\/p>\n\n\n\n<div style=\"height:50px\" aria-hidden=\"true\" class=\"wp-block-spacer\"><\/div>\n\n\n\n<div class=\"wp-block-image\"><figure class=\"aligncenter size-medium is-resized\"><img loading=\"lazy\" src=\"https:\/\/visitasegovia.es\/wp-content\/uploads\/2020\/06\/jardines-la-granja-min-300x225.jpg\" alt=\"Palacio de La Granja de San Ildefonso\" class=\"wp-image-1399\" width=\"364\" height=\"273\" srcset=\"https:\/\/visitasegovia.es\/wp-content\/uploads\/2020\/06\/jardines-la-granja-min-300x225.jpg 300w, https:\/\/visitasegovia.es\/wp-content\/uploads\/2020\/06\/jardines-la-granja-min-1024x768.jpg 1024w, https:\/\/visitasegovia.es\/wp-content\/uploads\/2020\/06\/jardines-la-granja-min-768x576.jpg 768w, https:\/\/visitasegovia.es\/wp-content\/uploads\/2020\/06\/jardines-la-granja-min.jpg 1080w\" sizes=\"(max-width: 364px) 100vw, 364px\" \/><figcaption><strong>COLEGIATA DEL PALACIO REAL<\/strong><\/figcaption><\/figure><\/div>\n\n\n\n<div style=\"height:48px\" aria-hidden=\"true\" class=\"wp-block-spacer\"><\/div>\n\n\n\n<p>Duraci\u00f3n: 2 horas y 15 minutos.<\/p>\n\n\n\n<p>Punto de encuentro:&nbsp;Junto a la Colegiata del Palacio Real.<\/p>\n\n\n\n<p><strong>Precio por persona:<\/strong> <\/p>\n\n\n\n<p>Adultos: 25\u20ac (IVA incluido). <\/p>\n\n\n\n<p>Ni\u00f1os y ni\u00f1as de 6 a 16 a\u00f1os: 20\u20ac (IVA incluido) <\/p>\n\n\n\n<p>Menores de 5 a\u00f1os: Gratis<\/p>\n\n\n\n<p>Horario: Martes, Jueves, Viernes, S\u00e1bado y Domingo: 11.00h \/ S\u00e1bado: 15.45h<\/p>\n\n\n\n<p>Incluido:&nbsp;Gu\u00eda oficial en espa\u00f1ol y entrada al Palacio Real.<\/p>\n\n\n\n<p>Visita accesible<\/p>\n\n\n\n<p>Reserva obligatoria<\/p>\n\n\n\n<p>M\u00e1s informaci\u00f3n link de&nbsp;<strong><span class=\"has-inline-color has-vivid-green-cyan-color\">segoviaimperdible.es<\/span><\/strong><\/p>\n\n\n\n<p><a rel=\"noreferrer noopener\" target=\"_blank\" href=\"https:\/\/segoviaimperdible.es\/visita-guiada-al-palacio-y-los-jardines-de-la-granja-de-san-ildefonso\">Visita Guiada al Palacio y los Jardines de la Granja de San Ildefonso<\/a><\/p>\n\n\n\n<div style=\"height:48px\" aria-hidden=\"true\" class=\"wp-block-spacer\"><\/div>\n\n\n\n<p class=\"has-vivid-red-color has-very-light-gray-background-color has-text-color has-background\"><strong>Prevenci\u00f3n COVID-19: Adoptamos las medidas legales y sanitarias recomendadas para prevenir el contagio del COVID-19: mantener la distancia de seguridad, tanto el gu\u00eda como los participantes deben traer su propia mascarilla y grupos reducidos.<\/strong><\/p>\n\n\n\n<h2><\/h2>\n","protected":false},"excerpt":{"rendered":"<p>En este recorrido conoceremos por qu\u00e9 el rey&nbsp;Felipe &nbsp;V&nbsp;(primer rey Borb\u00f3n espa\u00f1ol)y su segunda esposa Isabel de Farnesio&nbsp;decidieron construir este palacio en este lugar a los pies de la Sierra de Guadarrama. Comenzamos el recorrido, visitando las salas del interior del palacio, el Museo de Tapices y la Real colegiata, Saldremos hacia el exterior y&nbsp; asearemos por los jardines.&nbsp;Veremos las gigantescas secuoyas y sus fuentes [&hellip;]<\/p>\n","protected":false},"author":1,"featured_media":0,"parent":0,"menu_order":0,"comment_status":"closed","ping_status":"closed","template":"","meta":[],"yoast_head":"<!-- This site is optimized with the Yoast SEO plugin v16.6.1 - https:\/\/yoast.com\/wordpress\/plugins\/seo\/ -->\n<title>PASEO 3. VISITA GUIADA POR EL PALACIO REAL DE LA GRANJA Y LOS JARDINES - GUIDED TOURS IN SEGOVIA<\/title>\n<meta name=\"robots\" content=\"index, follow, max-snippet:-1, max-image-preview:large, max-video-preview:-1\" \/>\n<link rel=\"canonical\" href=\"https:\/\/visitasegovia.es\/en\/visita-guiada-por-los-jardines-del-palacio-real\/\" \/>\n<meta property=\"og:locale\" content=\"en_US\" \/>\n<meta property=\"og:type\" content=\"article\" \/>\n<meta property=\"og:title\" content=\"PASEO 3. VISITA GUIADA POR EL PALACIO REAL DE LA GRANJA Y LOS JARDINES - GUIDED TOURS IN SEGOVIA\" \/>\n<meta property=\"og:description\" content=\"En este recorrido conoceremos por qu\u00e9 el rey&nbsp;Felipe &nbsp;V&nbsp;(primer rey Borb\u00f3n espa\u00f1ol)y su segunda esposa Isabel de Farnesio&nbsp;decidieron construir este palacio en este lugar a los pies de la Sierra de Guadarrama. Comenzamos el recorrido, visitando las salas del interior del palacio, el Museo de Tapices y la Real colegiata, Saldremos hacia el exterior y&nbsp; asearemos por los jardines.&nbsp;Veremos las gigantescas secuoyas y sus fuentes [&hellip;]\" \/>\n<meta property=\"og:url\" content=\"https:\/\/visitasegovia.es\/en\/visita-guiada-por-los-jardines-del-palacio-real\/\" \/>\n<meta property=\"og:site_name\" content=\"GUIDED TOURS IN SEGOVIA\" \/>\n<meta property=\"article:publisher\" content=\"https:\/\/www.facebook.com\/visitasegovia\/\" \/>\n<meta property=\"article:modified_time\" content=\"2021-09-06T20:25:37+00:00\" \/>\n<meta property=\"og:image\" content=\"https:\/\/visitasegovia.es\/wp-content\/uploads\/2020\/06\/jardines-la-granja-min-300x225.jpg\" \/>\n<meta name=\"twitter:card\" content=\"summary\" \/>\n<meta name=\"twitter:site\" content=\"@visita_segovia\" \/>\n<meta name=\"twitter:label1\" content=\"Est. reading time\" \/>\n\t<meta name=\"twitter:data1\" content=\"2 minutes\" \/>\n<script type=\"application\/ld+json\" class=\"yoast-schema-graph\">{\"@context\":\"https:\/\/schema.org\",\"@graph\":[{\"@type\":\"WebSite\",\"@id\":\"https:\/\/visitasegovia.es\/#website\",\"url\":\"https:\/\/visitasegovia.es\/\",\"name\":\"GUIDED TOURS IN SEGOVIA\",\"description\":\"Your tourist guide in Segovia and province\",\"potentialAction\":[{\"@type\":\"SearchAction\",\"target\":{\"@type\":\"EntryPoint\",\"urlTemplate\":\"https:\/\/visitasegovia.es\/?s={search_term_string}\"},\"query-input\":\"required name=search_term_string\"}],\"inLanguage\":\"en-US\"},{\"@type\":\"ImageObject\",\"@id\":\"https:\/\/visitasegovia.es\/en\/visita-guiada-por-los-jardines-del-palacio-real\/#primaryimage\",\"inLanguage\":\"en-US\",\"url\":\"https:\/\/visitasegovia.es\/wp-content\/uploads\/2020\/06\/jardines-la-granja-min.jpg\",\"contentUrl\":\"https:\/\/visitasegovia.es\/wp-content\/uploads\/2020\/06\/jardines-la-granja-min.jpg\",\"width\":1080,\"height\":810},{\"@type\":\"WebPage\",\"@id\":\"https:\/\/visitasegovia.es\/en\/visita-guiada-por-los-jardines-del-palacio-real\/#webpage\",\"url\":\"https:\/\/visitasegovia.es\/en\/visita-guiada-por-los-jardines-del-palacio-real\/\",\"name\":\"PASEO 3. VISITA GUIADA POR EL PALACIO REAL DE LA GRANJA Y LOS JARDINES - GUIDED TOURS IN SEGOVIA\",\"isPartOf\":{\"@id\":\"https:\/\/visitasegovia.es\/#website\"},\"primaryImageOfPage\":{\"@id\":\"https:\/\/visitasegovia.es\/en\/visita-guiada-por-los-jardines-del-palacio-real\/#primaryimage\"},\"datePublished\":\"2020-07-01T17:19:29+00:00\",\"dateModified\":\"2021-09-06T20:25:37+00:00\",\"breadcrumb\":{\"@id\":\"https:\/\/visitasegovia.es\/en\/visita-guiada-por-los-jardines-del-palacio-real\/#breadcrumb\"},\"inLanguage\":\"en-US\",\"potentialAction\":[{\"@type\":\"ReadAction\",\"target\":[\"https:\/\/visitasegovia.es\/en\/visita-guiada-por-los-jardines-del-palacio-real\/\"]}]},{\"@type\":\"BreadcrumbList\",\"@id\":\"https:\/\/visitasegovia.es\/en\/visita-guiada-por-los-jardines-del-palacio-real\/#breadcrumb\",\"itemListElement\":[{\"@type\":\"ListItem\",\"position\":1,\"name\":\"Portada\",\"item\":\"https:\/\/visitasegovia.es\/\"},{\"@type\":\"ListItem\",\"position\":2,\"name\":\"PASEO 3. VISITA GUIADA POR EL PALACIO REAL DE LA GRANJA Y LOS JARDINES\"}]}]}<\/script>\n<!-- \/ Yoast SEO plugin. -->","_links":{"self":[{"href":"https:\/\/visitasegovia.es\/en\/wp-json\/wp\/v2\/pages\/1374"}],"collection":[{"href":"https:\/\/visitasegovia.es\/en\/wp-json\/wp\/v2\/pages"}],"about":[{"href":"https:\/\/visitasegovia.es\/en\/wp-json\/wp\/v2\/types\/page"}],"author":[{"embeddable":true,"href":"https:\/\/visitasegovia.es\/en\/wp-json\/wp\/v2\/users\/1"}],"replies":[{"embeddable":true,"href":"https:\/\/visitasegovia.es\/en\/wp-json\/wp\/v2\/comments?post=1374"}],"version-history":[{"count":0,"href":"https:\/\/visitasegovia.es\/en\/wp-json\/wp\/v2\/pages\/1374\/revisions"}],"wp:attachment":[{"href":"https:\/\/visitasegovia.es\/en\/wp-json\/wp\/v2\/media?parent=1374"}],"curies":[{"name":"wp","href":"https:\/\/api.w.org\/{rel}","templated":true}]}}