{"id":5,"date":"2016-05-24T16:59:17","date_gmt":"2016-05-24T16:59:17","guid":{"rendered":"http:\/\/visitasegovia.es\/?page_id=5"},"modified":"2017-12-13T17:06:10","modified_gmt":"2017-12-13T17:06:10","slug":"inicio","status":"publish","type":"page","link":"https:\/\/visitasegovia.es\/en\/inicio\/","title":{"rendered":"HOME"},"content":{"rendered":"<p>Climb to the door of Santiago<\/div><\/div><\/li>\n            <li style='display: none;' aria-roledescription='slide' aria-labelledby='slide-6'><img src=\"https:\/\/visitasegovia.es\/wp-content\/uploads\/2016\/05\/catedral_2-600x400.jpg\" height=\"400\" width=\"600\" alt=\"Catedral de Segovia\" class=\"slider-1201 slide-1207 msDefaultImage\" \/><\/li>\n            <li style='display: none;' aria-roledescription='slide' aria-labelledby='slide-7'><img src=\"https:\/\/visitasegovia.es\/wp-content\/uploads\/2016\/05\/paseo_salon-600x400.jpg\" height=\"400\" width=\"600\" alt=\"Paseo del Sal\u00f3n\" class=\"slider-1201 slide-1208 msDefaultImage\" \/><\/li>\n            <li style='display: none;' aria-roledescription='slide' aria-labelledby='slide-8'><img src=\"https:\/\/visitasegovia.es\/wp-content\/uploads\/2016\/05\/catedral_1-600x400.jpg\" height=\"400\" width=\"600\" alt=\"Vista de la Catedral de Segovia\" class=\"slider-1201 slide-1209 msDefaultImage\" \/><\/li>\n            <li style='display: none;' aria-roledescription='slide' aria-labelledby='slide-9'><img src=\"https:\/\/visitasegovia.es\/wp-content\/uploads\/2016\/05\/veracruz-600x400.jpg\" height=\"400\" width=\"600\" alt=\"Veracruz\" class=\"slider-1201 slide-1211 msDefaultImage\" \/><\/li>\n        <\/ul>\n        \n    <\/div>\n<\/div><\/p>\n<h3>SERVICIOS<\/h3>\n<ul class=\"check\">\n<li>Visitas guiadas a los monumentos hist\u00f3ricos-art\u00edsticos de la ciudad de Segovia y su provincia.<\/li>\n<li>Visita guiada a los museos, <a href=\"https:\/\/catedralsegovia.wordpress.com\/\" target=\"_blank\" rel=\"noopener\">Catedral<\/a> e Iglesias de Segovia<\/li>\n<li>Visitas panor\u00e1micas en autob\u00fas o a pie en\u00a0Segovia y su provincia.<\/li>\n<li>Todos los servicios se ofrecen en los siguientes idiomas: espa\u00f1ol, ingl\u00e9s e italiano.<\/li>\n<\/ul>\n<p>Fotograf\u00edas: Jos\u00e9 Carlos Virseda Valle<\/p>\n<header>\n<h1 class=\"title\">Welcome to Segovia<\/h1>\n<p>My name is Ana Gomez, Segovia Tourist Guide and graduated in History, with more than 15 years of experience in my field. If you want to visit Segovia, let me make your visit successful.<\/p>\n<p>I provide guided tours for travel agencies, associations, schools, conferences and customized tours. You can choose routes around the city, <a href=\"http:\/\/turismorealsitiodesanildefonso.com\/\" target=\"_blank\" rel=\"noopener\">Royal Sites<\/a> or designe your own route.<\/p>\n<p>If you want to receive more information, please contact me.<\/p>\n<p style=\"text-align: center;\"><div id=\"metaslider-id-1201\" style=\"max-width: 600px;\" class=\"ml-slider-3-100-1 metaslider metaslider-responsive metaslider-1201 ml-slider ms-theme-default\" role=\"region\" aria-label=\"New Slideshow\" data-height=\"400\" data-width=\"600\">\n    <div id=\"metaslider_container_1201\">\n        <ul id='metaslider_1201' class='rslides'>\n            <li aria-roledescription='slide' aria-labelledby='slide-0'><img src=\"https:\/\/visitasegovia.es\/wp-content\/uploads\/2016\/05\/casa_modeda-600x400.jpg\" height=\"400\" width=\"600\" alt=\"Casa de la Moneda\" class=\"slider-1201 slide-1202 msDefaultImage\" \/><\/li>\n            <li style='display: none;' aria-roledescription='slide' aria-labelledby='slide-1'><img src=\"https:\/\/visitasegovia.es\/wp-content\/uploads\/2016\/05\/alcazar_2-600x400.jpg\" height=\"400\" width=\"600\" alt=\"Alc\u00e1zar de Segovia\" class=\"slider-1201 slide-1203 msDefaultImage\" \/><\/li>\n            <li style='display: none;' aria-roledescription='slide' aria-labelledby='slide-2'><img src=\"https:\/\/visitasegovia.es\/wp-content\/uploads\/2016\/05\/alcazar_1-600x400.jpg\" height=\"400\" width=\"600\" alt=\"Atardecer Alc\u00e1zar de Segovia\" class=\"slider-1201 slide-1204 msDefaultImage\" \/><\/li>\n            <li style='display: none;' aria-roledescription='slide' aria-labelledby='slide-3'><img src=\"https:\/\/visitasegovia.es\/wp-content\/uploads\/2016\/05\/acueducto_1-600x400.jpg\" height=\"400\" width=\"600\" alt=\"Acueducto de Segovia\" class=\"slider-1201 slide-1205 msDefaultImage\" \/><\/li>\n            <li style='display: none;' aria-roledescription='slide' aria-labelledby='slide-4'><img src=\"https:\/\/visitasegovia.es\/wp-content\/uploads\/2016\/05\/el-parral-600x400.jpg\" height=\"400\" width=\"600\" alt=\"Monasterio del Parral\" class=\"slider-1201 slide-1206 msDefaultImage\" \/><\/li>\n            <li style='display: none;' aria-roledescription='slide' aria-labelledby='slide-5'><img src=\"https:\/\/visitasegovia.es\/wp-content\/uploads\/2018\/04\/visitasegovia-muralla-600x400.jpg\" height=\"400\" width=\"600\" alt=\"visitasegovia-muralla-puerta-de-Santiago\" class=\"slider-1201 slide-1238 msDefaultImage\" title=\"visitasegovia-muralla-puerta-de-Santiago\" \/><div class=\"caption-wrap\"><div class=\"caption\">Climb to the door of Santiago<\/div><\/div><\/li>\n            <li style='display: none;' aria-roledescription='slide' aria-labelledby='slide-6'><img src=\"https:\/\/visitasegovia.es\/wp-content\/uploads\/2016\/05\/catedral_2-600x400.jpg\" height=\"400\" width=\"600\" alt=\"Catedral de Segovia\" class=\"slider-1201 slide-1207 msDefaultImage\" \/><\/li>\n            <li style='display: none;' aria-roledescription='slide' aria-labelledby='slide-7'><img src=\"https:\/\/visitasegovia.es\/wp-content\/uploads\/2016\/05\/paseo_salon-600x400.jpg\" height=\"400\" width=\"600\" alt=\"Paseo del Sal\u00f3n\" class=\"slider-1201 slide-1208 msDefaultImage\" \/><\/li>\n            <li style='display: none;' aria-roledescription='slide' aria-labelledby='slide-8'><img src=\"https:\/\/visitasegovia.es\/wp-content\/uploads\/2016\/05\/catedral_1-600x400.jpg\" height=\"400\" width=\"600\" alt=\"Vista de la Catedral de Segovia\" class=\"slider-1201 slide-1209 msDefaultImage\" \/><\/li>\n            <li style='display: none;' aria-roledescription='slide' aria-labelledby='slide-9'><img src=\"https:\/\/visitasegovia.es\/wp-content\/uploads\/2016\/05\/veracruz-600x400.jpg\" height=\"400\" width=\"600\" alt=\"Veracruz\" class=\"slider-1201 slide-1211 msDefaultImage\" \/><\/li>\n        <\/ul>\n        \n    <\/div>\n<\/div><\/p>\n<h3>SERVICES<\/h3>\n<p>Guided tours to historical monuments such as Romanesque churches, medieval neighborhoods, <a href=\"https:\/\/catedralsegovia.wordpress.com\/\" target=\"_blank\" rel=\"noopener\">Cathedral <\/a>and <a href=\"http:\/\/www.alcazardesegovia.com\/\" target=\"_blank\" rel=\"noopener\">Alcazar <\/a>among others.<\/p>\n<p>Pictures: Juan Carlos V\u00edrseda Valle<\/p>\n<\/header>\n<p><\/p>","protected":false},"excerpt":{"rendered":"<p>Welcome to Segovia My name is Ana Gomez, Segovia Tourist Guide and graduated in History, with more than 15 years of experience in my field. If you want to visit Segovia, let me make your visit successful. I provide guided tours for travel agencies, associations, schools, conferences and customized tours. You can choose routes around the city, Royal Sites or designe your own route. If [&hellip;]<\/p>\n","protected":false},"author":1,"featured_media":0,"parent":0,"menu_order":0,"comment_status":"closed","ping_status":"closed","template":"template-full-width.php","meta":[],"yoast_head":"<!-- This site is optimized with the Yoast SEO plugin v16.6.1 - https:\/\/yoast.com\/wordpress\/plugins\/seo\/ -->\n<title>INICIO<\/title>\n<meta name=\"description\" content=\"Bienvenido a Segovia. Soy Ana G\u00f3mez Mart\u00ednez, Gu\u00eda Oficial de Turismo de Segovia y Licenciada en Historia.\" \/>\n<meta name=\"robots\" content=\"index, follow, max-snippet:-1, max-image-preview:large, max-video-preview:-1\" \/>\n<link rel=\"canonical\" href=\"https:\/\/visitasegovia.es\/en\/inicio\/\" \/>\n<meta property=\"og:locale\" content=\"en_US\" \/>\n<meta property=\"og:type\" content=\"article\" \/>\n<meta property=\"og:title\" content=\"INICIO\" \/>\n<meta property=\"og:description\" content=\"Bienvenido a Segovia. Soy Ana G\u00f3mez Mart\u00ednez, Gu\u00eda Oficial de Turismo de Segovia y Licenciada en Historia.\" \/>\n<meta property=\"og:url\" content=\"https:\/\/visitasegovia.es\/en\/inicio\/\" \/>\n<meta property=\"og:site_name\" content=\"GUIDED TOURS IN SEGOVIA\" \/>\n<meta property=\"article:publisher\" content=\"https:\/\/www.facebook.com\/visitasegovia\/\" \/>\n<meta property=\"article:modified_time\" content=\"2017-12-13T17:06:10+00:00\" \/>\n<meta name=\"twitter:card\" content=\"summary\" \/>\n<meta name=\"twitter:site\" content=\"@visita_segovia\" \/>\n<meta name=\"twitter:label1\" content=\"Est. reading time\" \/>\n\t<meta name=\"twitter:data1\" content=\"1 minute\" \/>\n<script type=\"application\/ld+json\" class=\"yoast-schema-graph\">{\"@context\":\"https:\/\/schema.org\",\"@graph\":[{\"@type\":\"WebSite\",\"@id\":\"https:\/\/visitasegovia.es\/#website\",\"url\":\"https:\/\/visitasegovia.es\/\",\"name\":\"GUIDED TOURS IN SEGOVIA\",\"description\":\"Your tourist guide in Segovia and province\",\"potentialAction\":[{\"@type\":\"SearchAction\",\"target\":{\"@type\":\"EntryPoint\",\"urlTemplate\":\"https:\/\/visitasegovia.es\/?s={search_term_string}\"},\"query-input\":\"required name=search_term_string\"}],\"inLanguage\":\"en-US\"},{\"@type\":\"WebPage\",\"@id\":\"https:\/\/visitasegovia.es\/en\/inicio\/#webpage\",\"url\":\"https:\/\/visitasegovia.es\/en\/inicio\/\",\"name\":\"INICIO\",\"isPartOf\":{\"@id\":\"https:\/\/visitasegovia.es\/#website\"},\"datePublished\":\"2016-05-24T16:59:17+00:00\",\"dateModified\":\"2017-12-13T17:06:10+00:00\",\"description\":\"Bienvenido a Segovia. Soy Ana G\\u00f3mez Mart\\u00ednez, Gu\\u00eda Oficial de Turismo de Segovia y Licenciada en Historia.\",\"breadcrumb\":{\"@id\":\"https:\/\/visitasegovia.es\/en\/inicio\/#breadcrumb\"},\"inLanguage\":\"en-US\",\"potentialAction\":[{\"@type\":\"ReadAction\",\"target\":[\"https:\/\/visitasegovia.es\/en\/inicio\/\"]}]},{\"@type\":\"BreadcrumbList\",\"@id\":\"https:\/\/visitasegovia.es\/en\/inicio\/#breadcrumb\",\"itemListElement\":[{\"@type\":\"ListItem\",\"position\":1,\"name\":\"Portada\",\"item\":\"https:\/\/visitasegovia.es\/\"},{\"@type\":\"ListItem\",\"position\":2,\"name\":\"HOME\"}]}]}<\/script>\n<!-- \/ Yoast SEO plugin. -->","_links":{"self":[{"href":"https:\/\/visitasegovia.es\/en\/wp-json\/wp\/v2\/pages\/5"}],"collection":[{"href":"https:\/\/visitasegovia.es\/en\/wp-json\/wp\/v2\/pages"}],"about":[{"href":"https:\/\/visitasegovia.es\/en\/wp-json\/wp\/v2\/types\/page"}],"author":[{"embeddable":true,"href":"https:\/\/visitasegovia.es\/en\/wp-json\/wp\/v2\/users\/1"}],"replies":[{"embeddable":true,"href":"https:\/\/visitasegovia.es\/en\/wp-json\/wp\/v2\/comments?post=5"}],"version-history":[{"count":0,"href":"https:\/\/visitasegovia.es\/en\/wp-json\/wp\/v2\/pages\/5\/revisions"}],"wp:attachment":[{"href":"https:\/\/visitasegovia.es\/en\/wp-json\/wp\/v2\/media?parent=5"}],"curies":[{"name":"wp","href":"https:\/\/api.w.org\/{rel}","templated":true}]}}