{"id":646,"date":"2016-12-25T13:02:08","date_gmt":"2016-12-25T13:02:08","guid":{"rendered":"http:\/\/visitasegovia.es\/?page_id=646"},"modified":"2021-02-22T19:44:57","modified_gmt":"2021-02-22T19:44:57","slug":"quienes-somos","status":"publish","type":"page","link":"https:\/\/visitasegovia.es\/en\/","title":{"rendered":"ABOUT US"},"content":{"rendered":"<p><\/p>\n<h5>My name is Ana Gomez, Segovia Tourist Guide and graduated in History, with more than 15 years of experience in my field. If you want to visit Segovia, let me make your visit successful.<\/h5>\n<h6 style=\"text-align: center;\"><img loading=\"lazy\" class=\"alignnone size-medium wp-image-2003\" src=\"https:\/\/visitasegovia.es\/wp-content\/uploads\/2021\/02\/foto-curriculum-276x300.jpg\" alt=\"\" width=\"276\" height=\"300\" srcset=\"https:\/\/visitasegovia.es\/wp-content\/uploads\/2021\/02\/foto-curriculum-276x300.jpg 276w, https:\/\/visitasegovia.es\/wp-content\/uploads\/2021\/02\/foto-curriculum.jpg 566w\" sizes=\"(max-width: 276px) 100vw, 276px\" \/><\/h6>\n<p><\/p>","protected":false},"excerpt":{"rendered":"<p>My name is Ana Gomez, Segovia Tourist Guide and graduated in History, with more than 15 years of experience in my field. If you want to visit Segovia, let me make your visit successful.<\/p>\n","protected":false},"author":1,"featured_media":1247,"parent":0,"menu_order":0,"comment_status":"closed","ping_status":"closed","template":"template-full-width.php","meta":[],"yoast_head":"<!-- This site is optimized with the Yoast SEO plugin v16.6.1 - https:\/\/yoast.com\/wordpress\/plugins\/seo\/ -->\n<title>VISITAS GUIADAS POR SEGOVIA Y PROVINCIA<\/title>\n<meta name=\"description\" content=\"VISITAS GUIADAS POR SEGOVIA Y PROVINCIA: Soy Ana G\u00f3mez, \u00a0Gu\u00eda Oficial de Turismo de Segovia y Licenciada en Historia. Tengo m\u00e1s de 15 a\u00f1os de experiencia como gu\u00eda oficial. Si quieres visitar la ciudad de Segovia y su provincia, d\u00e9jame asesorarte para que tu visita sea un \u00e9xito.\" \/>\n<meta name=\"robots\" content=\"index, follow, max-snippet:-1, max-image-preview:large, max-video-preview:-1\" \/>\n<link rel=\"canonical\" href=\"https:\/\/visitasegovia.es\/\" \/>\n<meta property=\"og:locale\" content=\"en_US\" \/>\n<meta property=\"og:type\" content=\"article\" \/>\n<meta property=\"og:title\" content=\"VISITAS GUIADAS POR SEGOVIA Y PROVINCIA\" \/>\n<meta property=\"og:description\" content=\"VISITAS GUIADAS POR SEGOVIA Y PROVINCIA: Soy Ana G\u00f3mez, \u00a0Gu\u00eda Oficial de Turismo de Segovia y Licenciada en Historia. Tengo m\u00e1s de 15 a\u00f1os de experiencia como gu\u00eda oficial. Si quieres visitar la ciudad de Segovia y su provincia, d\u00e9jame asesorarte para que tu visita sea un \u00e9xito.\" \/>\n<meta property=\"og:url\" content=\"https:\/\/visitasegovia.es\/\" \/>\n<meta property=\"og:site_name\" content=\"GUIDED TOURS IN SEGOVIA\" \/>\n<meta property=\"article:publisher\" content=\"https:\/\/www.facebook.com\/visitasegovia\/\" \/>\n<meta property=\"article:modified_time\" content=\"2021-02-22T19:44:57+00:00\" \/>\n<meta property=\"og:image\" content=\"https:\/\/visitasegovia.es\/wp-content\/uploads\/2018\/04\/visitas-guiadas-por-segovia-y-provincia.jpg\" \/>\n\t<meta property=\"og:image:width\" content=\"900\" \/>\n\t<meta property=\"og:image:height\" content=\"1200\" \/>\n<meta name=\"twitter:card\" content=\"summary\" \/>\n<meta name=\"twitter:site\" content=\"@visita_segovia\" \/>\n<meta name=\"twitter:label1\" content=\"Est. reading time\" \/>\n\t<meta name=\"twitter:data1\" content=\"2 minutes\" \/>\n<script type=\"application\/ld+json\" class=\"yoast-schema-graph\">{\"@context\":\"https:\/\/schema.org\",\"@graph\":[{\"@type\":\"WebSite\",\"@id\":\"https:\/\/visitasegovia.es\/#website\",\"url\":\"https:\/\/visitasegovia.es\/\",\"name\":\"GUIDED TOURS IN SEGOVIA\",\"description\":\"Your tourist guide in Segovia and province\",\"potentialAction\":[{\"@type\":\"SearchAction\",\"target\":{\"@type\":\"EntryPoint\",\"urlTemplate\":\"https:\/\/visitasegovia.es\/?s={search_term_string}\"},\"query-input\":\"required name=search_term_string\"}],\"inLanguage\":\"en-US\"},{\"@type\":\"ImageObject\",\"@id\":\"https:\/\/visitasegovia.es\/#primaryimage\",\"inLanguage\":\"en-US\",\"url\":\"https:\/\/visitasegovia.es\/wp-content\/uploads\/2018\/04\/visitas-guiadas-por-segovia-y-provincia.jpg\",\"contentUrl\":\"https:\/\/visitasegovia.es\/wp-content\/uploads\/2018\/04\/visitas-guiadas-por-segovia-y-provincia.jpg\",\"width\":\"900\",\"height\":\"1200\",\"caption\":\"[:es]Acueducto de Segovia[:en]Apueduct of Segovia[:]\"},{\"@type\":\"WebPage\",\"@id\":\"https:\/\/visitasegovia.es\/#webpage\",\"url\":\"https:\/\/visitasegovia.es\/\",\"name\":\"VISITAS GUIADAS POR SEGOVIA Y PROVINCIA\",\"isPartOf\":{\"@id\":\"https:\/\/visitasegovia.es\/#website\"},\"primaryImageOfPage\":{\"@id\":\"https:\/\/visitasegovia.es\/#primaryimage\"},\"datePublished\":\"2016-12-25T13:02:08+00:00\",\"dateModified\":\"2021-02-22T19:44:57+00:00\",\"description\":\"VISITAS GUIADAS POR SEGOVIA Y PROVINCIA: Soy Ana G\\u00f3mez, \\u00a0Gu\\u00eda Oficial de Turismo de Segovia y Licenciada en Historia. Tengo m\\u00e1s de 15 a\\u00f1os de experiencia como gu\\u00eda oficial. Si quieres visitar la ciudad de Segovia y su provincia, d\\u00e9jame asesorarte para que tu visita sea un \\u00e9xito.\",\"breadcrumb\":{\"@id\":\"https:\/\/visitasegovia.es\/#breadcrumb\"},\"inLanguage\":\"en-US\",\"potentialAction\":[{\"@type\":\"ReadAction\",\"target\":[\"https:\/\/visitasegovia.es\/\"]}]},{\"@type\":\"BreadcrumbList\",\"@id\":\"https:\/\/visitasegovia.es\/#breadcrumb\",\"itemListElement\":[{\"@type\":\"ListItem\",\"position\":1,\"name\":\"Portada\",\"item\":\"https:\/\/visitasegovia.es\/\"},{\"@type\":\"ListItem\",\"position\":2,\"name\":\"QUIENES SOMOS\"}]}]}<\/script>\n<!-- \/ Yoast SEO plugin. -->","_links":{"self":[{"href":"https:\/\/visitasegovia.es\/en\/wp-json\/wp\/v2\/pages\/646"}],"collection":[{"href":"https:\/\/visitasegovia.es\/en\/wp-json\/wp\/v2\/pages"}],"about":[{"href":"https:\/\/visitasegovia.es\/en\/wp-json\/wp\/v2\/types\/page"}],"author":[{"embeddable":true,"href":"https:\/\/visitasegovia.es\/en\/wp-json\/wp\/v2\/users\/1"}],"replies":[{"embeddable":true,"href":"https:\/\/visitasegovia.es\/en\/wp-json\/wp\/v2\/comments?post=646"}],"version-history":[{"count":0,"href":"https:\/\/visitasegovia.es\/en\/wp-json\/wp\/v2\/pages\/646\/revisions"}],"wp:featuredmedia":[{"embeddable":true,"href":"https:\/\/visitasegovia.es\/en\/wp-json\/wp\/v2\/media\/1247"}],"wp:attachment":[{"href":"https:\/\/visitasegovia.es\/en\/wp-json\/wp\/v2\/media?parent=646"}],"curies":[{"name":"wp","href":"https:\/\/api.w.org\/{rel}","templated":true}]}}